{"id":806,"date":"2012-12-03T13:40:30","date_gmt":"2012-12-03T12:40:30","guid":{"rendered":"http:\/\/borgenkabel.no\/?page_id=806"},"modified":"2024-04-04T14:06:34","modified_gmt":"2024-04-04T12:06:34","slug":"innmelding","status":"publish","type":"page","link":"https:\/\/borgenkabel.no\/?page_id=806","title":{"rendered":"Innmelding\/overf\u00f8ring"},"content":{"rendered":"<div id=\"pl-806\"  class=\"panel-layout\" ><div id=\"pg-806-0\"  class=\"panel-grid panel-no-style\" ><div id=\"pgc-806-0-0\"  class=\"panel-grid-cell\" ><div id=\"panel-806-0-0-0\" class=\"so-panel widget widget_sow-editor panel-first-child panel-last-child\" data-index=\"0\" ><div\n\t\t\t\n\t\t\tclass=\"so-widget-sow-editor so-widget-sow-editor-base\"\n\t\t\t\n\t\t><h3 class=\"widget-title\">Tre fremgangsm\u00e5ter<\/h3>\n<div class=\"siteorigin-widget-tinymce textwidget\">\n\t<p><!-- wp:paragraph --><\/p>\n<p>Du kan bli medlem av Borgen kabellag p\u00e5 en av 3 m\u00e5ter. Bli kjent med oppskriftene under og f\u00f8lg en av dem.<\/p>\n<\/div>\n<\/div><\/div><\/div><div id=\"pgc-806-0-1\"  class=\"panel-grid-cell\" ><div id=\"panel-806-0-1-0\" class=\"so-panel widget widget_sow-editor panel-first-child panel-last-child\" data-index=\"1\" ><div\n\t\t\t\n\t\t\tclass=\"so-widget-sow-editor so-widget-sow-editor-base\"\n\t\t\t\n\t\t><h3 class=\"widget-title\">Forutsetning<\/h3>\n<div class=\"siteorigin-widget-tinymce textwidget\">\n\t<p><!-- wp:paragraph --><\/p>\n<p>\u221a&nbsp; Du bor p\u00e5 Borgen i Asker<br \/>\n\u221a&nbsp; Sameiet ditt er <strong>ikke<\/strong> knyttet til Borgen Antennelag<br \/>\n\u221a&nbsp; Telia kan levere TV og internett til din bolig<\/p>\n<p>&nbsp;<\/p>\n<\/div>\n<\/div><\/div><\/div><div id=\"pgc-806-0-2\"  class=\"panel-grid-cell\" ><div id=\"panel-806-0-2-0\" class=\"so-panel widget widget_sow-editor panel-first-child panel-last-child\" data-index=\"2\" ><div\n\t\t\t\n\t\t\tclass=\"so-widget-sow-editor so-widget-sow-editor-base\"\n\t\t\t\n\t\t><h3 class=\"widget-title\">Fortsatt sp\u00f8rsm\u00e5l?<\/h3>\n<div class=\"siteorigin-widget-tinymce textwidget\">\n\t<p><!-- wp:paragraph --><\/p>\n<p><a href=\"https:\/\/borgenkabel.no\/?page_id=802\" target=\"_blank\" rel=\"noopener noreferrer\">Kontakt oss<\/a><\/p>\n<p>&nbsp;<\/p>\n<p>&nbsp;<\/p>\n<\/div>\n<\/div><\/div><\/div><\/div><div id=\"pg-806-1\"  class=\"panel-grid panel-no-style\" ><div id=\"pgc-806-1-0\"  class=\"panel-grid-cell\" ><div id=\"panel-806-1-0-0\" class=\"so-panel widget widget_sow-editor panel-first-child\" data-index=\"3\" ><div\n\t\t\t\n\t\t\tclass=\"so-widget-sow-editor so-widget-sow-editor-base\"\n\t\t\t\n\t\t><h3 class=\"widget-title\">Fremgangsm\u00e5te 1<\/h3>\n<div class=\"siteorigin-widget-tinymce textwidget\">\n\t<p><!-- wp:paragraph --><\/p>\n<h5>Boligen er tilknyttet med TV- og internett-signaler fra Telia, men husstanden har ikke tidligere v\u00e6rt knyttet til Borgen kabellag<\/h5>\n<h5>Gj\u00f8r slik<\/h5>\n<div class=\"borgen\">\n<p>1. Kontakt Telias kundeservice p\u00e5 tlf. 21 54 54 54 og be om en sjekk at kablingen er tilfredsstillende til \u00e5 benytte kabellagets tjenester (To-veis internett)<\/p>\n<p>2. N\u00e5r pkt 1 er avklart positivt, m\u00e5 du fylle ut <a href=\"https:\/\/borgenkabel.no\/wp-content\/uploads\/2023\/10\/Innmelding-i-Borgen-kabellag-v6.0.docx\" target=\"_blank\" rel=\"noopener\"><span style=\"color: #3366ff;\">innmeldingsskjema<\/span><\/a>&nbsp;og&nbsp;<a href=\"https:\/\/borgenkabel.no\/wp-content\/uploads\/2023\/03\/AvtaleGiro-mal-i-WORD-03.2023.pdf\" target=\"_blank\" rel=\"noopener\"><span style=\"color: #3366ff;\">avtalegiroblankett<\/span><\/a>.<\/p>\n<p>3. Les andelslagets <a href=\"https:\/\/borgenkabel.no\/?page_id=1566\" target=\"_blank\" rel=\"noopener\"><span style=\"color: #3366ff;\">vedtekter<\/span><\/a>.<\/p>\n<p>4. Betal andelsavgiften p\u00e5 kr 1000,- til kont<span style=\"color: #000000;\">o 9230.30.94107.<\/span> Husk \u00e5 p\u00e5f\u00f8re betalingen din adresse.<\/p>\n<p>5. Send innmeldingsskjema, avtalegiroblankett og kvittering for innbetalt andelsavgift til: <a href=\"mailto:post@borgenkabel.no\"><span style=\"color: #000000;\">post@borgenkabel.no<\/span><\/a>, eller legg papirene i postkassen til styremedlem Stein Gr\u00e5then, Borgentoppen 5.<\/p>\n<\/div>\n<\/div>\n<\/div><\/div><div id=\"panel-806-1-0-1\" class=\"so-panel widget widget_sow-editor panel-last-child\" data-index=\"4\" ><div\n\t\t\t\n\t\t\tclass=\"so-widget-sow-editor so-widget-sow-editor-base\"\n\t\t\t\n\t\t>\n<div class=\"siteorigin-widget-tinymce textwidget\">\n\t<p><!-- wp:paragraph --><\/p>\n<div class=\"borgen\">\n<h4>Innmelding<\/h4>\n<\/div>\n<p>Kvartalsvis 3 uker f\u00f8r 1. januar, 1. april, 1. juli og 1. oktober melder Borgen kabellag&nbsp; inn nye andelshavere til Telia og til kabellagets forretningsf\u00f8rer. Nye medlemmer vil s\u00e5 bli fakturert fra kvartalsskiftet av kabellaget og Telia vil levere den til enhver tid aktuelle pakken med TV- og internettsignaler.<\/p>\n<\/div>\n<\/div><\/div><\/div><div id=\"pgc-806-1-1\"  class=\"panel-grid-cell\" ><div id=\"panel-806-1-1-0\" class=\"so-panel widget widget_sow-editor panel-first-child\" data-index=\"5\" ><div\n\t\t\t\n\t\t\tclass=\"so-widget-sow-editor so-widget-sow-editor-base\"\n\t\t\t\n\t\t><h3 class=\"widget-title\">Fremgangsm\u00e5te 2<\/h3>\n<div class=\"siteorigin-widget-tinymce textwidget\">\n\t<p><!-- wp:paragraph --><\/p>\n<h5>Boligen er ikke tilknyttet signaler fra Telia.<\/h5>\n<h5>Gj\u00f8r slik<\/h5>\n<div class=\"borgen\">\n<p>1.&nbsp; Kontakt Telia kundeservice p\u00e5 tlf. 21 54 54 54 og meld deg inn som ny kunde hos Telia.<\/p>\n<p>2.&nbsp; Telia sjekker hva som skal til for \u00e5 tilknytte din bolig og avtaler direkte med deg. Tilkoblingskostnader kan tilkomme.<\/p>\n<p>3.&nbsp; Les andelslagets <a href=\"https:\/\/borgenkabel.no\/?page_id=1566\" target=\"_blank\" rel=\"noopener\"><span style=\"color: #3366ff;\">vedtekter<\/span><\/a>.<\/p>\n<p>4.&nbsp; N\u00e5r kundeforhold er opprettet og Telia leverer TV- og internett-signaler, m\u00e5 du fylle ut <a href=\"https:\/\/borgenkabel.no\/wp-content\/uploads\/2023\/10\/Innmelding-i-Borgen-kabellag-v6.0.docx\" target=\"_blank\" rel=\"noopener\"><span style=\"color: #3366ff;\">innmeldingsskjema<\/span>&nbsp;<\/a>og&nbsp;<a href=\"https:\/\/borgenkabel.no\/wp-content\/uploads\/2023\/03\/AvtaleGiro-mal-i-WORD-03.2023.pdf\" target=\"_blank\" rel=\"noopener\"><span style=\"color: #3366ff;\">avtalegiroblankett<\/span><\/a>.<\/p>\n<p>5.&nbsp; Betal andelsavgiften p\u00e5 kr 1000,- til konto 9230.30.94107. Husk \u00e5 p\u00e5f\u00f8re betalingen din adresse. Om kundeforholdet gjelder B-medlemskap skal det <span style=\"text-decoration: underline;\">ikke<\/span> betales andelsavgift.<\/p>\n<p>6.&nbsp; Send innmeldingsskjema, avtalegiroblankett og kvittering for innbetalt andelsavgift til: <a href=\"mailto:post@borgenkabel.no\"><span style=\"color: #000000;\">post@borgenkabel.no<\/span><\/a>, eller legg papirene i postkassen til styremedlem Stein Gr\u00e5then,<br \/>\nBorgentoppen 5.<\/p>\n<\/div>\n<\/div>\n<\/div><\/div><div id=\"panel-806-1-1-1\" class=\"so-panel widget widget_sow-editor panel-last-child\" data-index=\"6\" ><div\n\t\t\t\n\t\t\tclass=\"so-widget-sow-editor so-widget-sow-editor-base\"\n\t\t\t\n\t\t>\n<div class=\"siteorigin-widget-tinymce textwidget\">\n\t<p><!-- wp:paragraph --><\/p>\n<div class=\"borgen\">\n<h4>Innmelding<\/h4>\n<\/div>\n<p>Kvartalsvis 3 uker f\u00f8r 1. januar, 1. april, 1. juli og 1. oktober melder Borgen kabellag&nbsp; inn nye andelshavere til Telia og til kabellagets forretningsf\u00f8rer. Nye medlemmer vil s\u00e5 bli fakturert fra kvartalsskiftet av kabellaget og Telia vil levere den til enhver tid aktuelle pakken med TV- og internettsignaler.<\/p>\n<\/div>\n<\/div><\/div><\/div><div id=\"pgc-806-1-2\"  class=\"panel-grid-cell\" ><div id=\"panel-806-1-2-0\" class=\"so-panel widget widget_sow-editor panel-first-child\" data-index=\"7\" ><div\n\t\t\t\n\t\t\tclass=\"so-widget-sow-editor so-widget-sow-editor-base\"\n\t\t\t\n\t\t><h3 class=\"widget-title\">Fremgangsm\u00e5te 3<\/h3>\n<div class=\"siteorigin-widget-tinymce textwidget\">\n\t<p><!-- wp:paragraph --><\/p>\n<h5>Eier er andelshaver i BK og boligen skal overdras til ny eier<\/h5>\n<h5>Gj\u00f8r slik<\/h5>\n<p>1.Les andelslagets <a href=\"https:\/\/borgenkabel.no\/?page_id=1566\" target=\"_blank\" rel=\"noopener\"><span style=\"color: #3366ff;\">vedtekter<\/span><\/a><span style=\"font-size: 16px;\">.<\/span><\/p>\n<div class=\"borgen\">\n<p>2. Sammen med tidligere eier fyll ut skjema <a href=\"https:\/\/borgenkabel.no\/wp-content\/uploads\/2023\/03\/Overforing-av-medlemskap-v5.0.pdf\" target=\"_blank\" rel=\"noopener\"><span style=\"color: #3366ff;\">overf\u00f8ring av medlemskap<\/span><\/a>.<\/p>\n<p>3. Skriv ut og fyll inn <a href=\"https:\/\/borgenkabel.no\/wp-content\/uploads\/2023\/03\/AvtaleGiro-mal-i-WORD-03.2023.pdf\" target=\"_blank\" rel=\"noopener noreferrer\"><span style=\"color: #3366ff;\">avtalegiroblankett<\/span><\/a>.<\/p>\n<p>4. Send overf\u00f8ringsskjema og avtalegiroblankett til: <a href=\"mailto:post@borgenkabel.no\" target=\"_blank\" rel=\"noopener\"><span style=\"color: #000000;\">post@borgenkabel.no<\/span><\/a>, eller legg papirene i postkassen til styremedlem Stein Gr\u00e5then, Borgentoppen 5.<\/p>\n<p>5.&nbsp; Andelsavgift blir ikke refundert tidligere eier og skal ikke betales av ny eier.<\/p>\n<\/div>\n<\/div>\n<\/div><\/div><div id=\"panel-806-1-2-1\" class=\"so-panel widget widget_sow-editor panel-last-child\" data-index=\"8\" ><div\n\t\t\t\n\t\t\tclass=\"so-widget-sow-editor so-widget-sow-editor-base\"\n\t\t\t\n\t\t>\n<div class=\"siteorigin-widget-tinymce textwidget\">\n\t<p><!-- wp:paragraph --><\/p>\n<div class=\"borgen\">\n<h5>Innmelding<\/h5>\n<\/div>\n<p>Kvartalsvis 3 uker f\u00f8r 1. januar, 1. april, 1. juli og 1. oktober melder Borgen kabellag inn nye medlemmer til Telia og til kabellagets forretningsf\u00f8rer. Nye medlemmer vil s\u00e5 bli fakturert fra kvartalsskiftet av kabellaget og Telia vil levere den til enhver tid aktuelle pakken med TV- og internettsignaler. Eventuelt oppgj\u00f8r ved overtakelse midt i et kvartal, bes\u00f8rges av tidligere og ny eier<\/p>\n<\/div>\n<\/div><\/div><\/div><\/div><\/div>","protected":false},"excerpt":{"rendered":"<p>Du kan bli medlem av Borgen kabellag p\u00e5 en av 3 m\u00e5ter. Bli kjent med oppskriftene under og f\u00f8lg en av dem. \u221a&nbsp; Du bor p\u00e5 Borgen i Asker \u221a&nbsp; Sameiet ditt er ikke knyttet til Borgen Antennelag \u221a&nbsp; Telia kan levere TV og internett til din bolig &nbsp; Kontakt oss &nbsp; &nbsp; Boligen er [&hellip;]<\/p>\n","protected":false},"author":1,"featured_media":0,"parent":0,"menu_order":0,"comment_status":"closed","ping_status":"closed","template":"templates\/template-full-notitle.php","meta":{"ngg_post_thumbnail":0,"footnotes":""},"class_list":["post-806","page","type-page","status-publish","hentry","post"],"_links":{"self":[{"href":"https:\/\/borgenkabel.no\/index.php?rest_route=\/wp\/v2\/pages\/806","targetHints":{"allow":["GET"]}}],"collection":[{"href":"https:\/\/borgenkabel.no\/index.php?rest_route=\/wp\/v2\/pages"}],"about":[{"href":"https:\/\/borgenkabel.no\/index.php?rest_route=\/wp\/v2\/types\/page"}],"author":[{"embeddable":true,"href":"https:\/\/borgenkabel.no\/index.php?rest_route=\/wp\/v2\/users\/1"}],"replies":[{"embeddable":true,"href":"https:\/\/borgenkabel.no\/index.php?rest_route=%2Fwp%2Fv2%2Fcomments&post=806"}],"version-history":[{"count":33,"href":"https:\/\/borgenkabel.no\/index.php?rest_route=\/wp\/v2\/pages\/806\/revisions"}],"predecessor-version":[{"id":3110,"href":"https:\/\/borgenkabel.no\/index.php?rest_route=\/wp\/v2\/pages\/806\/revisions\/3110"}],"wp:attachment":[{"href":"https:\/\/borgenkabel.no\/index.php?rest_route=%2Fwp%2Fv2%2Fmedia&parent=806"}],"curies":[{"name":"wp","href":"https:\/\/api.w.org\/{rel}","templated":true}]}}