{"id":2397,"date":"2018-09-27T10:57:07","date_gmt":"2018-09-27T08:57:07","guid":{"rendered":"http:\/\/borgenkabel.no\/?page_id=2397"},"modified":"2020-09-29T18:25:13","modified_gmt":"2020-09-29T16:25:13","slug":"personvernerklaering","status":"publish","type":"page","link":"https:\/\/borgenkabel.no\/?page_id=2397","title":{"rendered":"Personvernerkl\u00e6ring"},"content":{"rendered":"<p><strong>Behandling av personopplysninger i Borgen kabellag<\/strong><\/p>\n<p>Borgen kabellag tar personvern p\u00e5 alvor og vil behandle medlemmenes personopplysninger etter de lover og regler som gjelder for behandling av personopplysninger og medlemmenes rettigheter.<\/p>\n<p>I denne personvernerkl\u00e6ringen gj\u00f8r vi rede for hvordan personopplysninger samles inn og behandles n\u00e5r er medlem i Borgen kabellag.<\/p>\n<p><strong>Ansvarlig for behandling av personopplysningene<\/strong><\/p>\n<p>Styret i Borgen kabellag er ansvarlig for behandling av dine personopplysninger. Ved sp\u00f8rsm\u00e5l, kontakt oss her:\u00a0<a href=\"http:\/\/borgenkabel.no\/kontakt-oss\/\">http:\/\/borgenkabel.no\/kontakt-oss\/<\/a><\/p>\n<p><strong>Behandling av personopplysninger<\/strong><\/p>\n<p>Personopplysninger som samles inn og behandles av Borgen kabellag er kontakt\u00adopplysninger som navn, adresse, e-postadresse og telefonnummer. I tillegg behandler vi opplysninger tilknyttet deg og avtalegiro via v\u00e5r forretningsf\u00f8rer i Stico Consult AS.<\/p>\n<p>Vi behandler personopplysninger hovedsakelig for \u00e5 ha oversikt over medlemsmassen.<br \/>\nI tillegg behandler vi personopplysninger i en dialog med deg. Vi vil da behandle de opplysninger du gir oss, men vi lagrer kun de opplysninger vi trenger for \u00e5 hjelpe deg videre. Dette betyr at all informasjon som ikke er relevant for det form\u00e5l som skal oppfylles ikke vil bli lagret eller behandlet p\u00e5 noen m\u00e5te.<\/p>\n<p>Ovennevnte personopplysninger behandles p\u00e5 grunnlag av GDPR artikkel 6 (1) b), dvs. for at vi skal kunne oppfylle en avtale med den registrerte (med deg som medlem).<\/p>\n<p><em>\u00abbehandlingen er n\u00f8dvendig for \u00e5 oppfylle en avtale som den registrerte er part i, eller for \u00e5 gjennomf\u00f8re tiltak p\u00e5 den registreres anmodning f\u00f8r en avtaleinng\u00e5else\u00bb<\/em><\/p>\n<p>F\u00f8dselsnummer oppbevares ikke av Borgen kabellag. Mottar vi det, slettes det etter at medlemmet er registrert hos oss. <strong><br \/>\n<\/strong><\/p>\n<p><strong>Utlevering av personopplysninger<\/strong><\/p>\n<p>Borgen kabellag gjenbruker aldri medlemmenes personopplysninger. De er kun til internt bruk i medlemsdatabasen og i regnskapssystemet til v\u00e5r forretningsf\u00f8rer og betalingstjenesten Nets.<\/p>\n<p><strong>Oppbevaring og sletting av personopplysninger<\/strong><\/p>\n<p>Personopplysninger som vi har mottatt fra deg eller p\u00e5 annen m\u00e5te, vil kun oppbevares s\u00e5 lenge vi har behov for \u00e5 oppbevare opplysningene. Opplysningene blir deretter slettet p\u00e5 en sikker m\u00e5te.<\/p>\n<p><strong>Dine rettigheter ved behandling av personopplysninger<\/strong><\/p>\n<p>Borgen kabellag h\u00e5ndterer personopplysninger p\u00e5 en kryptert og sikker m\u00e5te. Vi respekterer ditt personvern, men vi har behov for \u00e5 behandle dine personopplysninger for \u00e5 betjene deg med bl.a. \u00e5 svare p\u00e5 e-post hvor det er problem med f.eks. bredb\u00e5nd- eller TV-signaler.<\/p>\n<p>De rettighetene du har knyttet til behandlingen av personopplysninger hos Borgen kabellag er:<\/p>\n<ul>\n<li>Rett til informasjon om hvilke personopplysninger vi behandler om deg og innsyn i dine personopplysninger. Du kan til enhver tid be om \u00e5 motta disse opplysningene<\/li>\n<li>Rett til \u00e5 kreve retting eller sletting av dine personopplysninger. Vi kan ikke slette dine personopplysninger som vi iht. regnskapsloven eller annen lovgivning er lovp\u00e5lagt \u00e5 oppbevare. Mener du at dine personopplysninger ikke behandles som beskrevet her, eller som p\u00e5lagt i lover og regler, kan du klage til Datatilsynet. Mer informasjon om dine rettigheter, finner du hos <span style=\"color: #3366ff;\"><a style=\"color: #3366ff;\" href=\"http:\/\/www.datatilsynet.no\">datatilsynet.no<\/a><\/span><\/li>\n<\/ul>\n","protected":false},"excerpt":{"rendered":"<p>Behandling av personopplysninger i Borgen kabellag Borgen kabellag tar personvern p\u00e5 alvor og vil behandle medlemmenes personopplysninger etter de lover og regler som gjelder for behandling av personopplysninger og medlemmenes rettigheter. I denne personvernerkl\u00e6ringen gj\u00f8r vi rede for hvordan personopplysninger samles inn og behandles n\u00e5r er medlem i Borgen kabellag. Ansvarlig for behandling av personopplysningene [&hellip;]<\/p>\n","protected":false},"author":1,"featured_media":0,"parent":0,"menu_order":0,"comment_status":"closed","ping_status":"closed","template":"","meta":{"ngg_post_thumbnail":0,"footnotes":""},"class_list":["post-2397","page","type-page","status-publish","hentry","post"],"_links":{"self":[{"href":"https:\/\/borgenkabel.no\/index.php?rest_route=\/wp\/v2\/pages\/2397","targetHints":{"allow":["GET"]}}],"collection":[{"href":"https:\/\/borgenkabel.no\/index.php?rest_route=\/wp\/v2\/pages"}],"about":[{"href":"https:\/\/borgenkabel.no\/index.php?rest_route=\/wp\/v2\/types\/page"}],"author":[{"embeddable":true,"href":"https:\/\/borgenkabel.no\/index.php?rest_route=\/wp\/v2\/users\/1"}],"replies":[{"embeddable":true,"href":"https:\/\/borgenkabel.no\/index.php?rest_route=%2Fwp%2Fv2%2Fcomments&post=2397"}],"version-history":[{"count":5,"href":"https:\/\/borgenkabel.no\/index.php?rest_route=\/wp\/v2\/pages\/2397\/revisions"}],"predecessor-version":[{"id":2580,"href":"https:\/\/borgenkabel.no\/index.php?rest_route=\/wp\/v2\/pages\/2397\/revisions\/2580"}],"wp:attachment":[{"href":"https:\/\/borgenkabel.no\/index.php?rest_route=%2Fwp%2Fv2%2Fmedia&parent=2397"}],"curies":[{"name":"wp","href":"https:\/\/api.w.org\/{rel}","templated":true}]}}