{"id":1566,"date":"2013-04-25T08:25:15","date_gmt":"2013-04-25T06:25:15","guid":{"rendered":"http:\/\/borgenkabel.no\/?page_id=1566"},"modified":"2023-12-07T08:25:53","modified_gmt":"2023-12-07T07:25:53","slug":"vedtekter","status":"publish","type":"page","link":"https:\/\/borgenkabel.no\/?page_id=1566","title":{"rendered":"Vedtekter"},"content":{"rendered":"<div>\n<h2 align=\"center\"><span style=\"color: #000000;\">Vedtekter for <strong>BORGEN KABELLAG SA<\/strong><\/span><\/h2>\n<\/div>\n<h2 align=\"center\"><span style=\"color: #000000;\">Vedtektene ble vedtatt p\u00e5 Borgen kabellags stiftelsesm\u00f8te 9. november 2011.<\/span><\/h2>\n<h2 style=\"text-align: center;\">Vedtektene ble siste gang revidert p\u00e5 \u00e5rsm\u00f8te 2023.<\/h2>\n<p><span style=\"color: #000000;\"><b>&nbsp;<\/b><\/span><\/p>\n<h1><span style=\"font-family: 'times new roman', times, serif; font-size: 18pt; color: #993366;\">\u00a7 1 Sammenslutningsform og foretaksnavn<\/span><\/h1>\n<p><span style=\"font-family: 'times new roman', times, serif; font-size: 12pt;\">Sammenslutningen er et samvirkeforetak og foretaksnavnet er Borgen kabellag SA. Forretningskontoret er i Asker kommune.<\/span><\/p>\n<h1><span style=\"font-family: 'times new roman', times, serif; font-size: 18pt; color: #993366;\">\u00a7 2 Selskapsform<\/span><\/h1>\n<p><span style=\"font-family: 'times new roman', times, serif; font-size: 12pt;\">Borgen kabellag er en interesseorganisasjon med vekslende medlemstall, vekslende kapital og begrenset ansvar. Andelshaverne er overfor tredjepart ikke personlig ansvarlig for lagets forpliktelser, men svarer bare for sin andel.&nbsp;<\/span><\/p>\n<h1><span style=\"font-family: 'times new roman', times, serif; font-size: 18pt; color: #993366;\">\u00a7 3 Kabellagets form\u00e5l<\/span><\/h1>\n<p><span style=\"font-family: 'times new roman', times, serif; font-size: 12pt;\">Borgen kabellags form\u00e5l er \u00e5 ivareta og formidle andelshavernes merkantile interesser i tilknytning til og bruk av kommunikasjons\u00adanlegg som overf\u00f8rer lyd, bilde, kringkastingssendinger, informasjon, datatrafikk, telefoni og lignende.<\/span><\/p>\n<h1><span style=\"font-family: 'times new roman', times, serif; font-size: 18pt; color: #993366;\">\u00a7 4 Andelslaget<\/span><\/h1>\n<p><span style=\"font-family: 'times new roman', times, serif; font-size: 12pt;\">A-andel i laget kan tegnes av husstander med egne g\u00e5rds-\/bruks- og eventuelt seksjonsnummer. Nye andelshavere m\u00e5 godkjennes av styret i kabellaget.<\/span><\/p>\n<p><span style=\"font-family: 'times new roman', times, serif; font-size: 12pt;\">Alle A-andelene har lik verdi i Borgen kabellag.<\/span><\/p>\n<p><span style=\"font-family: 'times new roman', times, serif; font-size: 12pt;\">Innenfor samme g\u00e5rds-\/bruks- og eventuelt seksjonsnummer, kan det tegnes en eller flere B-andeler til kr 0. B-andel er beregnet p\u00e5 hybelleiligheter og forutsetter at hovedleiligheten\/huset har en A-andel. Vanlig vederlag for tjenestene m\u00e5 betales for B-andel. Styret skal godkjenne alle tegninger av B-andeler.<\/span><\/p>\n<p><span style=\"font-family: 'times new roman', times, serif; font-size: 12pt;\">Andelsinnskuddet forrentes ikke, men \u00c5rsm\u00f8tet kan beslutte \u00e5 dele ut til et etterbetalingsfond til andelshaverne, jf. samvirkeloven \u00a7 28, andre ledd.<\/span><\/p>\n<p><span style=\"font-family: 'times new roman', times, serif; font-size: 12pt;\">Hver andelshaver skal betale et vederlag for tjenestene som leveres av kabellaget. Vederlagets st\u00f8rrelse fastsettes av styret.<\/span><\/p>\n<h1><span style=\"font-family: 'times new roman', times, serif; font-size: 18pt; color: #993366;\">\u00a7&nbsp;5 Andelen<\/span><\/h1>\n<p><span style=\"font-family: 'times new roman', times, serif; font-size: 12pt;\">Andelsinnskuddet er kr 1.000. Hver andelshaver skal betale dette bel\u00f8pet for en A-andel. Andelen i kabellaget f\u00f8lger boligen. Andelsinnskuddet er egenkapital i Borgen kabellag og vil ikke tilbakebetales ved utmelding eller flytting.<\/span><\/p>\n<h1><span style=\"font-family: 'times new roman', times, serif; font-size: 18pt; color: #993366;\">\u00a7 6 Rettigheter og plikter for andelshaverne<\/span><\/h1>\n<p><span style=\"font-family: 'times new roman', times, serif; font-size: 12pt;\">Innskuddet gir andelshaverne rett til de tjenestene som leveres av Borgen kabellag. Andelshaverne har en plikt til \u00e5 betale den kvartalsvise kostnaden p\u00e5 forskudd som er fastsatt av Borgen kabellag.<\/span><\/p>\n<p><span style=\"font-family: 'times new roman', times, serif; font-size: 12pt;\">Hvis en andelshaver ikke betaler sine forpliktelser etter rimelig varsel, kan Borgen kabellag stanse tjenesteleveransen. Ny tjenesteleveranse kan deretter skje n\u00e5r andelshaver har betalt sine forpliktelser, samt de ekstrautgiftene som Borgen kabellag er p\u00e5f\u00f8rt i form av innkreving, leveranselstans, p\u00e5kobling, renter etc.<\/span><\/p>\n<h1><span style=\"font-family: 'times new roman', times, serif; font-size: 18pt; color: #993366;\">\u00a7 7 Borgen kabellags besluttende organer<\/span><\/h1>\n<p><span style=\"font-family: 'times new roman', times, serif; font-size: 12pt;\">Borgen kabellags besluttende organer er:<\/span><\/p>\n<ol>\n<li><span style=\"font-family: 'times new roman', times, serif; font-size: 12pt;\">\u00c5rsm\u00f8tet<\/span><\/li>\n<li><span style=\"font-family: 'times new roman', times, serif; font-size: 12pt;\">Styret<\/span><\/li>\n<\/ol>\n<h1><span style=\"font-family: 'times new roman', times, serif; font-size: 18pt; color: #993366;\">\u00a7 8 \u00c5rsm\u00f8te<\/span><\/h1>\n<p><span style=\"font-family: 'times new roman', times, serif; font-size: 12pt;\">Den \u00f8verste myndighet i Borgen kabellag ut\u00f8ves av \u00c5rsm\u00f8tet. Ordin\u00e6rt \u00e5rsm\u00f8te skal holdes hvert \u00e5r innen 30. juni. Saker som andelshaverne \u00f8nsker tatt opp p\u00e5 \u00e5rsm\u00f8tet m\u00e5 v\u00e6re styret i hende innen fire uker f\u00f8r \u00e5rsm\u00f8tedato.<\/span><\/p>\n<p><span style=\"font-family: 'times new roman', times, serif; font-size: 12pt;\">Ekstraordin\u00e6rt \u00e5rsm\u00f8te holdes n\u00e5r styret finner det n\u00f8dvendig. Likes\u00e5 skal \u00e5rsm\u00f8tet innkalles n\u00e5r minst en tredjedel av andelshaverne skriftlig krever det og samtidig oppgir hvilke saker som \u00f8nskes behandlet.<\/span><\/p>\n<h1><span style=\"font-family: 'times new roman', times, serif; font-size: 18pt; color: #993366;\">\u00a7 9 Innkalling til \u00e5rsm\u00f8te<\/span><\/h1>\n<p><span style=\"font-family: 'times new roman', times, serif; font-size: 12pt;\">\u00c5rsm\u00f8tet innkalles av styret. Innkalling skjer med minst 14 dagers varsel. Ekstraordin\u00e6rt \u00e5rsm\u00f8te kan likevel, om det er n\u00f8dvendig, innkalles med kortere frist som dog skal v\u00e6re minst 7 dager.<\/span><\/p>\n<h1><span style=\"font-family: 'times new roman', times, serif; font-size: 18pt; color: #993366;\">\u00a7 10 Avholdelse av \u00e5rsm\u00f8te<\/span><\/h1>\n<p><span style=\"font-family: 'times new roman', times, serif; font-size: 12pt;\">\u00c5rsm\u00f8tet skal inneholde disse punktene:<\/span><\/p>\n<ol>\n<li><span style=\"font-family: 'times new roman', times, serif; font-size: 12pt;\">Godkjenning av dagsorden<\/span><\/li>\n<li><span style=\"font-family: 'times new roman', times, serif; font-size: 12pt;\">Valg av m\u00f8teleder, referent og to andelshavere til \u00e5 underskrive protokollen<\/span><\/li>\n<li><span style=\"font-family: 'times new roman', times, serif; font-size: 12pt;\">Styrets \u00e5rsberetning<\/span><\/li>\n<li><span style=\"font-family: 'times new roman', times, serif; font-size: 12pt;\">Godkjenning av \u00e5rsregnskap, styrets godtgj\u00f8relse og budsjett<\/span><\/li>\n<li><span style=\"font-family: 'times new roman', times, serif; font-size: 12pt;\">Valg av styremedlemmer<\/span><\/li>\n<li><span style=\"font-family: 'times new roman', times, serif; font-size: 12pt;\">St\u00f8rre driftsmessige endringer som f.eks. bytte av tjenesteleverand\u00f8r<\/span><\/li>\n<li><span style=\"font-family: 'times new roman', times, serif; font-size: 12pt;\">Andre innkomne saker<\/span><\/li>\n<\/ol>\n<h1><span style=\"font-family: 'times new roman', times, serif; font-size: 12pt;\"><span style=\"color: #993366; font-size: 18pt;\">\u00a7 11 Stemmerett&nbsp;&nbsp;&nbsp;&nbsp;<\/span>&nbsp;&nbsp;&nbsp;&nbsp;&nbsp;&nbsp;<\/span><\/h1>\n<p><span style=\"font-family: 'times new roman', times, serif; font-size: 12pt;\">Alle valg og vedtak p\u00e5 \u00e5rsm\u00f8tet treffes ved alminnelig flertall. P\u00e5 \u00e5rsm\u00f8tet har hver A-andelshaver \u00e9n &#8211; 1 &#8211; stemme.&nbsp;Andelshaverne kan m\u00f8te personlig eller ved skriftlig fullmakt la seg representere av en annen andelshaver.&nbsp;Votering skal skje skriftlig hvis en eller flere stemmeberettigede forlanger det. B-andelshavere har ingen stemmerett.<\/span><\/p>\n<h1><span style=\"font-family: 'times new roman', times, serif; font-size: 18pt; color: #993366;\">\u00a7 12 Styret<\/span><\/h1>\n<p><span style=\"font-family: 'times new roman', times, serif; font-size: 12pt;\">Borgen kabellag skal ha et styre best\u00e5ende av leder og 2 &#8211; 4 styremedlemmer som velges blant andelshaverne. Styret konstituerer seg selv. Lederen velges for ett \u00e5r. Funksjonstiden for alle styremedlemmene er to \u00e5r, dog slik at halvparten av styremedlemmene er p\u00e5 valg hvert \u00e5r. Styret kan treffe vedtak n\u00e5r minst tre styremedlemmer inklusive leder er til stede. Ved stemmelikhet har styreleder dobbeltstemme. Borgen kabellag tegnes av styreleder og et styremedlem i fellesskap.<\/span><\/p>\n<h1><span style=\"font-family: 'times new roman', times, serif; font-size: 18pt; color: #993366;\">\u00a7 13 Styrearbeid og honorar<\/span><\/h1>\n<p><span style=\"font-family: 'times new roman', times, serif; font-size: 12pt;\">Styret i Borgen kabellag skal utf\u00f8re f\u00f8lgende oppgaver:<\/span><\/p>\n<ul>\n<li><span style=\"font-family: 'times new roman', times, serif; font-size: 12pt;\">Forberedelser og gjennomf\u00f8ring av styrem\u00f8ter<\/span><\/li>\n<li><span style=\"font-family: 'times new roman', times, serif; font-size: 12pt;\">Forberedelser og gjennomf\u00f8ring av \u00e5rsm\u00f8tet<\/span><\/li>\n<li><span style=\"font-family: 'times new roman', times, serif; font-size: 12pt;\">Gjennomgang av regnskap og utarbeidelse av budsjett<\/span><\/li>\n<li><span style=\"font-family: 'times new roman', times, serif; font-size: 12pt;\">Forvalte forretningsf\u00f8rers arbeid<\/span><\/li>\n<li><span style=\"font-family: 'times new roman', times, serif; font-size: 12pt;\">Arbeid og oppf\u00f8lging av medlemsregister<\/span><\/li>\n<li><span style=\"font-family: 'times new roman', times, serif; font-size: 12pt;\">Svare p\u00e5 henvendelser fra andelshaverne p\u00e5 e-post<\/span><\/li>\n<li><span style=\"font-family: 'times new roman', times, serif; font-size: 12pt;\">Forhandlinger med hoved-tjenesteleverand\u00f8r og andre eksterne tjenestetilbydere.<\/span><\/li>\n<\/ul>\n<p><span style=\"font-family: 'times new roman', times, serif; font-size: 12pt;\">&nbsp;<\/span><br \/>\n<span style=\"font-family: 'times new roman', times, serif; font-size: 12pt;\">Styret skal ha en godtgj\u00f8relse for deres arbeid. \u00c5rsm\u00f8tet fastsetter godtgj\u00f8relsens st\u00f8rrelse. For styreleder er godtgj\u00f8relsen to ganger styremedlemsgodtgj\u00f8relsen. Godtgj\u00f8relsen skal reguleres \u00e5rlig etter l\u00f8nnsindeks \u00abannen tjenesteyting\u00bb. I tillegg dekkes kommunikasjonsutgifter gjennom standard medlemstjeneste samt andre direkte kostnader.<\/span><\/p>\n<h1><span style=\"font-family: 'times new roman', times, serif; font-size: 18pt; color: #993366;\">\u00a7 14 Valgkomite <\/span><\/h1>\n<p><span style=\"font-family: 'times new roman', times, serif; font-size: 12pt;\">Valgkomiteen best\u00e5r av \u00e9n andelshaver av kabellaget. Den velges av \u00c5rsm\u00f8tet for to \u00e5r. Valgkomiteen skal foresl\u00e5 nye styremedlemmer og forelegge forslaget til styret en m\u00e5ned f\u00f8r \u00e5rsm\u00f8tet. Enhver andelshaver har anledning til overfor valgkomit\u00e9en \u00e5 fremme forslag p\u00e5 styremedlemmer. Slike forslag plikter valgkomiteen \u00e5 referere for \u00e5rsm\u00f8tet.<\/span><\/p>\n<h1><span style=\"font-family: 'times new roman', times, serif; font-size: 18pt; color: #993366;\">\u00a7 15 Forretningsf\u00f8rer<\/span><\/h1>\n<p><span style=\"font-family: 'times new roman', times, serif; font-size: 12pt;\">Borgen kabellag skal ha en forretningsf\u00f8rer som styret velger.<\/span><\/p>\n<h1><span style=\"font-family: 'times new roman', times, serif; font-size: 18pt; color: #993366;\">\u00a7 16 Regnskap<\/span><\/h1>\n<p><span style=\"font-family: 'times new roman', times, serif; font-size: 12pt;\">Styret s\u00f8rger for at det f\u00f8res tilfredsstillende regnskap. Regnskapet f\u00f8lger kalender\u00e5ret og avsluttes pr. 31. desember.<\/span><\/p>\n<p><span style=\"font-family: 'times new roman', times, serif; font-size: 12pt;\">\u00c5rets regnskap og status gj\u00f8res tilgjengelig for andelshaverne sammen med innkalling til \u00e5rsm\u00f8tet.<\/span><\/p>\n<h1><span style=\"font-family: 'times new roman', times, serif; font-size: 18pt; color: #993366;\">\u00a7 17 \u00c5rsoverskudd<\/span><\/h1>\n<p><span style=\"font-family: 'times new roman', times, serif; font-size: 12pt;\">Overskudd kan tillegges egenkapitalen eller deles ut til andelshaverne<\/span><\/p>\n<h1><span style=\"font-family: 'times new roman', times, serif; font-size: 18pt; color: #993366;\">\u00a7 18 Revisjon<\/span><\/h1>\n<p><span style=\"font-family: 'times new roman', times, serif; font-size: 12pt;\">Borgen kabellag skal ikke ha revisor.<\/span><\/p>\n<h1><span style=\"font-family: 'times new roman', times, serif; font-size: 18pt; color: #993366;\">\u00a7 19 Endring av vedtektene<\/span><\/h1>\n<p><span style=\"font-family: 'times new roman', times, serif; font-size: 12pt;\">Endring av vedtektene kan bare foretas av \u00c5rsm\u00f8tet og krever minst 2\/3 flertall av de fremm\u00f8tte, inkludert fullmakter.<\/span><\/p>\n<p><span style=\"font-family: 'times new roman', times, serif; font-size: 12pt;\">Forslag fra andelshaverne om vedtektsendring m\u00e5 v\u00e6re innkommet til styret senest fire uker f\u00f8r \u00e5rsm\u00f8tet og beskrevet i innkallingen.<\/span><\/p>\n<h1><span style=\"font-family: 'times new roman', times, serif; font-size: 18pt; color: #993366;\">\u00a7 20 Kommunikasjon<\/span><\/h1>\n<p><span style=\"font-family: 'times new roman', times, serif; font-size: 12pt;\">All kommunikasjon fra styret i Borgen kabellag til andelshaverne foreg\u00e5r elektronisk via e-post, SMS eller web.<\/span><\/p>\n<h1><span style=\"font-family: 'times new roman', times, serif; font-size: 18pt; color: #993366;\">\u00a7 21 Oppsigelse og overf\u00f8ring av andel<\/span><\/h1>\n<p><span style=\"font-size: 12pt; font-family: 'times new roman', times, serif;\">En andelshaver kan bare si opp sin andel med Borgen kabellag med 3 m\u00e5neders varsel regnet fra den f\u00f8rste dagen i nytt kvartal. Avtalen l\u00f8per automatisk videre hvis den ikke blir sagt opp.<\/span><\/p>\n<p><span style=\"font-size: 12pt; font-family: 'times new roman', times, serif;\">Ved fraflytting har andelshaveren ansvar for \u00e5 overf\u00f8re sin andel til ny eier\/leietaker eller \u00e5 si den opp, samt levere tilbake utstyr direkte til tjenesteleverand\u00f8r. Ved oppsigelse tilfaller andelen Borgen kabellag.<\/span><\/p>\n<h1><span style=\"font-family: 'times new roman', times, serif; font-size: 18pt; color: #993366;\">\u00a7 22 Oppl\u00f8sning<\/span><\/h1>\n<p><span style=\"font-family: 'times new roman', times, serif; font-size: 12pt;\">Vedtak om oppl\u00f8sning kan bare fattes av to p\u00e5f\u00f8lgende \u00e5rsm\u00f8ter med minst 14 dagers mellomrom. Det ene av disse skal v\u00e6re det ordin\u00e6re \u00e5rsm\u00f8te der andelshaverne er innkalt p\u00e5 vanlig m\u00e5te. For at oppl\u00f8sning skal kunne vedtas, kreves at minst 2\/3 av de framm\u00f8tte inkludert fullmakter er for forslaget.<\/span><\/p>\n<p><span style=\"font-family: 'times new roman', times, serif; font-size: 12pt;\">Nettoformuen i andelslaget skal f\u00f8rst dekke alle ubetalte utgifter og forpliktelser. De gjenv\u00e6rende midlene skal fordeles p\u00e5 A-andelseierne i samme forhold som A-andelseiernes omsetning med andelslaget det siste hele kalender\u00e5r.<\/span><\/p>\n","protected":false},"excerpt":{"rendered":"<p>Vedtekter for BORGEN KABELLAG SA Vedtektene ble vedtatt p\u00e5 Borgen kabellags stiftelsesm\u00f8te 9. november 2011. Vedtektene ble siste gang revidert p\u00e5 \u00e5rsm\u00f8te 2023. &nbsp; \u00a7 1 Sammenslutningsform og foretaksnavn Sammenslutningen er et samvirkeforetak og foretaksnavnet er Borgen kabellag SA. Forretningskontoret er i Asker kommune. \u00a7 2 Selskapsform Borgen kabellag er en interesseorganisasjon med vekslende medlemstall, [&hellip;]<\/p>\n","protected":false},"author":1,"featured_media":0,"parent":0,"menu_order":0,"comment_status":"closed","ping_status":"closed","template":"","meta":{"ngg_post_thumbnail":0,"footnotes":""},"class_list":["post-1566","page","type-page","status-publish","hentry","post"],"_links":{"self":[{"href":"https:\/\/borgenkabel.no\/index.php?rest_route=\/wp\/v2\/pages\/1566","targetHints":{"allow":["GET"]}}],"collection":[{"href":"https:\/\/borgenkabel.no\/index.php?rest_route=\/wp\/v2\/pages"}],"about":[{"href":"https:\/\/borgenkabel.no\/index.php?rest_route=\/wp\/v2\/types\/page"}],"author":[{"embeddable":true,"href":"https:\/\/borgenkabel.no\/index.php?rest_route=\/wp\/v2\/users\/1"}],"replies":[{"embeddable":true,"href":"https:\/\/borgenkabel.no\/index.php?rest_route=%2Fwp%2Fv2%2Fcomments&post=1566"}],"version-history":[{"count":34,"href":"https:\/\/borgenkabel.no\/index.php?rest_route=\/wp\/v2\/pages\/1566\/revisions"}],"predecessor-version":[{"id":3025,"href":"https:\/\/borgenkabel.no\/index.php?rest_route=\/wp\/v2\/pages\/1566\/revisions\/3025"}],"wp:attachment":[{"href":"https:\/\/borgenkabel.no\/index.php?rest_route=%2Fwp%2Fv2%2Fmedia&parent=1566"}],"curies":[{"name":"wp","href":"https:\/\/api.w.org\/{rel}","templated":true}]}}