{"id":1105,"date":"2013-02-22T10:36:42","date_gmt":"2013-02-22T09:36:42","guid":{"rendered":"http:\/\/borgenkabel.no\/?page_id=1105"},"modified":"2026-02-21T16:18:04","modified_gmt":"2026-02-21T15:18:04","slug":"vedtekter-for-borgen-kabellag-sa","status":"publish","type":"page","link":"https:\/\/borgenkabel.no\/?page_id=1105","title":{"rendered":"Informasjon"},"content":{"rendered":"<p><span style=\"color: #000000;\"><strong>Borgen kabellag SA<\/strong> er et privat andelslag som har som form\u00e5l \u00e5 forhandle fram og forvalte en best mulig prisavtale p\u00e5 TV- og internettsignaler for sine medlemmer p\u00e5 Borgen i Asker. Merk at blokkene og de fleste rekkehus p\u00e5 Borgen er tilknyttet Borgen Antennelag.<\/span><\/p>\n<p><span style=\"color: #000000;\">N\u00e5v\u00e6rende avtale ble forhandlet fram h\u00f8sten 2025, og har en gyldighet p\u00e5 5 \u00e5r fra 1. januar 2026. Avtalen er det Telia kaller &laquo;Flex Pluss&raquo; som betyr at medlemmer n\u00e5r som helst p\u00e5 &laquo;Min side&raquo; kan bytte mellom ulike internetthastigheter og TV-kanaler.&nbsp;<\/span><\/p>\n<div>\n<div class=\"gmail_default\">\n<p><span style=\"color: #000000;\">F\u00f8lgende inng\u00e5r i avtalen:<\/span><\/p>\n<ul>\n<li><span style=\"color: #000000;\">Standard bredb\u00e5ndshastighet er 250\/250 Mbit\/s. Den kan individuelt endres opp\/ned mellom 50 Mbit\/s (flere TV valgpoeng) og 1250 Mbit\/s (ingen TV valgpoeng).&nbsp;<\/span><\/li>\n<li><span style=\"color: #000000;\">Ved 250\/250 Mbit\/s er standard 60 TV- &amp; str\u00f8mme valgpoeng. Reduseres hastigheten, kan man i stedet f\u00e5 flere TV-valgpoeng&nbsp;<\/span><\/li>\n<li><span style=\"color: #000000;\">De som \u00f8nsker det, kan oppgradere til Telias kraftigste ruter med nyeste Wifi 6-teknologi<\/span><\/li>\n<li><span style=\"font-family: arial, sans-serif; color: #000000;\">For de som benytter Telias Smart Wifi modem, og har behov for \u00e5 utvide rekkevidden internt i huset, er 1 stk Telia Air-ties Smart Wifi G6 extender inkludert i avtalen. Trenger du flere, betaler du kr 19,- pr. mnd pr. stk.&nbsp;<\/span><\/li>\n<\/ul>\n<\/div>\n<\/div>\n<p><span style=\"color: #000000;\"><b>Litt mer om Telia Flex Pluss<\/b><\/span><br \/>\n<span style=\"color: #000000;\">Avtalens&nbsp;standard er&nbsp;250 Mbit\/s ned-\/opplastingshastighet og 60&nbsp;TV-valgpoeng,&nbsp;men avtalen gir full fleksibilitet til \u00e5 endre b\u00e5de hastighet og&nbsp;TV-valgpoeng&nbsp;n\u00e5r&nbsp;og hvor ofte du vil.&nbsp; Eksempel:<\/span><br \/>\n<span style=\"color: #000000;\">Jobber man hjemme p\u00e5 dagtid og trenger i det tidsrommet h\u00f8y internetthastighet, kan bredb\u00e5ndshastigheten \u00f8kes mot at antall TV-valgpoeng reduseres. F.eks. kan nedlastingshastigheten \u00f8kes til 1250 Mbit\/s mot at alle TV-valgpoeng fjernes i dette tidsrommet. Motsatt kan TV-valgpoeng om kvelden \u00f8kes til 100 TV-valgpoeng mot at bredb\u00e5ndshastigheten reduseres til 50 Mbit\/s.&nbsp;<\/span><\/p>\n<p>Les mer om <a href=\"https:\/\/borgenkabel.no\/wp-content\/uploads\/2025\/12\/Flex-Pluss-Borgen-Kabellag.pdf\" target=\"_blank\" rel=\"noopener\">Flex Pluss &#8211; Borgen Kabellag<\/a><\/p>\n<p><span style=\"color: #000000;\">Forutsetningen for \u00e5 bli andelshaver er at en tegner andel i Borgen kabellag og betaler inn en engangsandel&nbsp;til kabellag p\u00e5 <strong>kr 1000,-<\/strong>. Andelen betales kun 1 gang pr. bolig &#8211; dvs. at ny eier av boligen ikke trenger betale p\u00e5 nytt. Andel betales ikke tilbake ved oppsigelse.<\/span><\/p>\n<p><span style=\"color: #000000;\"><strong>B-medlemskap<br \/>\n<\/strong>I hus hvor det allerede er tegnet en andel, kan det til hybelboere, tegnes et B-medlemskap. Disse slipper engangsavgiften til kabellaget, men betaler ellers vanlig pakkepris.<\/span><\/p>\n<p><span style=\"color: #000000;\">Dersom det er behov for \u00e5 bestille eller bytte utstyr, kan Telias kundeservice p\u00e5 telefon <strong>21 54 54 54<\/strong> kontaktes for \u00e5 avtale sending pr. post. Hvis det skal returneres utstyr, kontakt Telias kundeservice som sender ferdig frankert returlapp for \u00e5 levere\/sende pr. post.<\/span><\/p>\n<p><span style=\"color: #000000;\">For mer informasjon om dine tjenester og kj\u00f8p av ekstra utstyr, g\u00e5 inn p\u00e5: telia.no\/minside. Her kan du ogs\u00e5 se siste faktura, om du har bestilt noe utenom standard pakke fra Borgen kabellag, bytte kanaler, endre hastighet p\u00e5 bredb\u00e5nd og mye mer.<\/span><\/p>\n","protected":false},"excerpt":{"rendered":"<p>Borgen kabellag SA er et privat andelslag som har som form\u00e5l \u00e5 forhandle fram og forvalte en best mulig prisavtale p\u00e5 TV- og internettsignaler for sine medlemmer p\u00e5 Borgen i Asker. Merk at blokkene og de fleste rekkehus p\u00e5 Borgen er tilknyttet Borgen Antennelag. N\u00e5v\u00e6rende avtale ble forhandlet fram h\u00f8sten 2025, og har en gyldighet [&hellip;]<\/p>\n","protected":false},"author":1,"featured_media":0,"parent":0,"menu_order":0,"comment_status":"closed","ping_status":"closed","template":"","meta":{"ngg_post_thumbnail":0,"footnotes":""},"class_list":["post-1105","page","type-page","status-publish","hentry","post"],"_links":{"self":[{"href":"https:\/\/borgenkabel.no\/index.php?rest_route=\/wp\/v2\/pages\/1105","targetHints":{"allow":["GET"]}}],"collection":[{"href":"https:\/\/borgenkabel.no\/index.php?rest_route=\/wp\/v2\/pages"}],"about":[{"href":"https:\/\/borgenkabel.no\/index.php?rest_route=\/wp\/v2\/types\/page"}],"author":[{"embeddable":true,"href":"https:\/\/borgenkabel.no\/index.php?rest_route=\/wp\/v2\/users\/1"}],"replies":[{"embeddable":true,"href":"https:\/\/borgenkabel.no\/index.php?rest_route=%2Fwp%2Fv2%2Fcomments&post=1105"}],"version-history":[{"count":60,"href":"https:\/\/borgenkabel.no\/index.php?rest_route=\/wp\/v2\/pages\/1105\/revisions"}],"predecessor-version":[{"id":3231,"href":"https:\/\/borgenkabel.no\/index.php?rest_route=\/wp\/v2\/pages\/1105\/revisions\/3231"}],"wp:attachment":[{"href":"https:\/\/borgenkabel.no\/index.php?rest_route=%2Fwp%2Fv2%2Fmedia&parent=1105"}],"curies":[{"name":"wp","href":"https:\/\/api.w.org\/{rel}","templated":true}]}}